{"id":798,"date":"2021-12-27T13:19:22","date_gmt":"2021-12-27T12:19:22","guid":{"rendered":"https:\/\/clusternabeul.creativetunisia.tn\/?page_id=798"},"modified":"2021-12-27T13:27:21","modified_gmt":"2021-12-27T12:27:21","slug":"les-structures-de-formation","status":"publish","type":"page","link":"https:\/\/clusternabeul.creativetunisia.tn\/index.php\/les-structures-de-formation\/","title":{"rendered":"Les structures de formation"},"content":{"rendered":"\t\t<div data-elementor-type=\"wp-page\" data-elementor-id=\"798\" class=\"elementor elementor-798\" data-elementor-settings=\"[]\">\n\t\t\t\t\t\t<div class=\"elementor-inner\">\n\t\t\t\t\t\t\t<div class=\"elementor-section-wrap\">\n\t\t\t\t\t\t\t<section class=\"elementor-section elementor-top-section elementor-element elementor-element-1f50d87 elementor-section-boxed elementor-section-height-default elementor-section-height-default\" data-id=\"1f50d87\" data-element_type=\"section\">\n\t\t\t\t\t\t<div class=\"elementor-container elementor-column-gap-default\">\n\t\t\t\t\t\t\t<div class=\"elementor-row\">\n\t\t\t\t\t<div class=\"aux-parallax-section elementor-column elementor-col-100 elementor-top-column elementor-element elementor-element-20b09ad\" data-id=\"20b09ad\" data-element_type=\"column\">\n\t\t\t<div class=\"elementor-column-wrap elementor-element-populated\">\n\t\t\t\t\t\t\t<div class=\"elementor-widget-wrap\">\n\t\t\t\t\t\t<div class=\"elementor-element elementor-element-7dea8b2 aux-appear-watch-animation aux-fade-in-up-1 elementor-widget elementor-widget-aux_modern_heading\" data-id=\"7dea8b2\" data-element_type=\"widget\" data-widget_type=\"aux_modern_heading.default\">\n\t\t\t\t<div class=\"elementor-widget-container\">\n\t\t\t<section class=\"aux-widget-modern-heading\">\n            <div class=\"aux-widget-inner\"><h2 class=\"aux-modern-heading-primary\"><\/h2><h3 class=\"aux-modern-heading-secondary\"><span class=\"aux-head-before\">LES STRUCTURES DE FORMATION<\/span><\/h3><\/div>\n        <\/section>\t\t<\/div>\n\t\t\t\t<\/div>\n\t\t\t\t\t\t<\/div>\n\t\t\t\t\t<\/div>\n\t\t<\/div>\n\t\t\t\t\t\t\t\t<\/div>\n\t\t\t\t\t<\/div>\n\t\t<\/section>\n\t\t\t\t<section class=\"elementor-section elementor-top-section elementor-element elementor-element-56a5009a elementor-section-boxed elementor-section-height-default elementor-section-height-default\" data-id=\"56a5009a\" data-element_type=\"section\">\n\t\t\t\t\t\t<div class=\"elementor-container elementor-column-gap-default\">\n\t\t\t\t\t\t\t<div class=\"elementor-row\">\n\t\t\t\t\t<div class=\"aux-parallax-section elementor-column elementor-col-50 elementor-top-column elementor-element elementor-element-4c4ada10\" data-id=\"4c4ada10\" data-element_type=\"column\" data-settings=\"{&quot;background_background&quot;:&quot;classic&quot;}\">\n\t\t\t<div class=\"elementor-column-wrap elementor-element-populated\">\n\t\t\t\t\t\t\t<div class=\"elementor-widget-wrap\">\n\t\t\t\t\t\t<div class=\"elementor-element elementor-element-11b47941 elementor-widget elementor-widget-aux_image\" data-id=\"11b47941\" data-element_type=\"widget\" data-widget_type=\"aux_image.default\">\n\t\t\t\t<div class=\"elementor-widget-container\">\n\t\t\t<section class=\"widget-container aux-widget-image aux-alignnone aux-parent-au53b6d82c\" style=\"\" >\n    <div class=\"aux-media-hint-frame \">\n        <div class=\"aux-media-image \" >\n        \n            \n\n            \n            <img loading=\"lazy\" width=\"150\" height=\"150\" src=\"https:\/\/clusternabeul.creativetunisia.tn\/wp-content\/uploads\/2021\/12\/ISAMK-150x150.jpg\" class=\"aux-attachment aux-featured-image aux-attachment-id-805\" alt=\"ISAMK\" srcset=\"https:\/\/clusternabeul.creativetunisia.tn\/wp-content\/uploads\/2021\/12\/ISAMK-150x150.jpg 150w,https:\/\/clusternabeul.creativetunisia.tn\/wp-content\/uploads\/2021\/12\/ISAMK-300x300.jpg 300w,https:\/\/clusternabeul.creativetunisia.tn\/wp-content\/uploads\/2021\/12\/ISAMK-150x150.jpg 150w\" data-ratio=\"1\" data-original-w=\"350\" sizes=\"(max-width:479px) 480px,(max-width:767px) 768px,(max-width:1023px) 1024px,150px\" \/>            \n                <\/div>\n    <\/div>\n\n<\/section><!-- widget-container -->\t\t<\/div>\n\t\t\t\t<\/div>\n\t\t\t\t<div class=\"elementor-element elementor-element-25eee1f1 elementor-widget elementor-widget-aux_modern_heading\" data-id=\"25eee1f1\" data-element_type=\"widget\" data-widget_type=\"aux_modern_heading.default\">\n\t\t\t\t<div class=\"elementor-widget-container\">\n\t\t\t<section class=\"aux-widget-modern-heading\">\n            <div class=\"aux-widget-inner\"><h2 class=\"aux-modern-heading-primary\">Institut Sup\u00e9rieur des Arts et m\u00e9tiers de Kairouan (ISAMK)<\/h2><div class=\"aux-modern-heading-divider\"><\/div><\/div>\n        <\/section>\t\t<\/div>\n\t\t\t\t<\/div>\n\t\t\t\t<div class=\"elementor-element elementor-element-7a062d5d elementor-widget elementor-widget-text-editor\" data-id=\"7a062d5d\" data-element_type=\"widget\" data-widget_type=\"text-editor.default\">\n\t\t\t\t<div class=\"elementor-widget-container\">\n\t\t\t\t\t\t\t\t<div class=\"elementor-text-editor elementor-clearfix\">\n\t\t\t\t<p>L&rsquo;Institut Sup\u00e9rieur des Arts et M\u00e9tiers de Kairouan est cr\u00e9\u00e9 en 2002. C&rsquo;est un \u00e9tablissement public sous la tutelle du Minist\u00e8re de l&rsquo;Enseignement Sup\u00e9rieur qui forme les \u00e9tudiants durant 3 ans couronn\u00e9s par l&rsquo;obtention du dipl\u00f4me national de la licence appliqu\u00e9e en Arts et M\u00e9tiers dans les sp\u00e9cialit\u00e9s disponibles \u00e0 l&rsquo;institut.<\/p>\t\t\t\t\t<\/div>\n\t\t\t\t\t\t<\/div>\n\t\t\t\t<\/div>\n\t\t\t\t<div class=\"elementor-element elementor-element-3b230d76 aux-appear-watch-animation aux-fade-in-up-1 elementor-widget elementor-widget-aux_button\" data-id=\"3b230d76\" data-element_type=\"widget\" data-widget_type=\"aux_button.default\">\n\t\t\t\t<div class=\"elementor-widget-container\">\n\t\t\t<a  href=\"https:\/\/www.facebook.com\/isamkairouan.tn\" target=\"_self\"   class=\"aux-button aux-medium aux-pastel-orange aux-curve aux-none aux-uppercase\" ><span class=\"aux-overlay\"><\/span><span class=\"aux-text\">VISITER LE SITE WEB<\/span><\/a>\t\t<\/div>\n\t\t\t\t<\/div>\n\t\t\t\t\t\t<\/div>\n\t\t\t\t\t<\/div>\n\t\t<\/div>\n\t\t\t\t<div class=\"aux-parallax-section elementor-column elementor-col-50 elementor-top-column elementor-element elementor-element-5f5c8734\" data-id=\"5f5c8734\" data-element_type=\"column\" data-settings=\"{&quot;background_background&quot;:&quot;classic&quot;}\">\n\t\t\t<div class=\"elementor-column-wrap elementor-element-populated\">\n\t\t\t\t\t\t\t<div class=\"elementor-widget-wrap\">\n\t\t\t\t\t\t<div class=\"elementor-element elementor-element-629becce elementor-widget elementor-widget-aux_image\" data-id=\"629becce\" data-element_type=\"widget\" data-widget_type=\"aux_image.default\">\n\t\t\t\t<div class=\"elementor-widget-container\">\n\t\t\t<section class=\"widget-container aux-widget-image aux-alignnone aux-parent-aub30f0632\" style=\"\" >\n    <div class=\"aux-media-hint-frame \">\n        <div class=\"aux-media-image \" >\n        \n            \n\n            \n            <img loading=\"lazy\" width=\"240\" height=\"210\" src=\"https:\/\/clusternabeul.creativetunisia.tn\/wp-content\/uploads\/2021\/12\/Le-Centre-de-formations-dans-les-metiers-de-lartisanat-240x210.jpg\" class=\"aux-attachment aux-featured-image aux-attachment-id-806\" alt=\"Le Centre de formations dans les m\u00e9tiers de l\u2019artisanat\" srcset=\"https:\/\/clusternabeul.creativetunisia.tn\/wp-content\/uploads\/2021\/12\/Le-Centre-de-formations-dans-les-metiers-de-lartisanat-150x131.jpg 150w,https:\/\/clusternabeul.creativetunisia.tn\/wp-content\/uploads\/2021\/12\/Le-Centre-de-formations-dans-les-metiers-de-lartisanat-300x263.jpg 300w,https:\/\/clusternabeul.creativetunisia.tn\/wp-content\/uploads\/2021\/12\/Le-Centre-de-formations-dans-les-metiers-de-lartisanat-240x210.jpg 240w\" data-ratio=\"1.14\" data-original-w=\"405\" sizes=\"(max-width:479px) 480px,(max-width:767px) 768px,(max-width:1023px) 1024px,240px\" \/>            \n                <\/div>\n    <\/div>\n\n<\/section><!-- widget-container -->\t\t<\/div>\n\t\t\t\t<\/div>\n\t\t\t\t<div class=\"elementor-element elementor-element-55064b39 elementor-widget elementor-widget-aux_modern_heading\" data-id=\"55064b39\" data-element_type=\"widget\" data-widget_type=\"aux_modern_heading.default\">\n\t\t\t\t<div class=\"elementor-widget-container\">\n\t\t\t<section class=\"aux-widget-modern-heading\">\n            <div class=\"aux-widget-inner\"><h2 class=\"aux-modern-heading-primary\">Le Centre de formations dans les m\u00e9tiers de l\u2019artisanat<\/h2><div class=\"aux-modern-heading-divider\"><\/div><\/div>\n        <\/section>\t\t<\/div>\n\t\t\t\t<\/div>\n\t\t\t\t<div class=\"elementor-element elementor-element-65e4fd09 elementor-widget elementor-widget-text-editor\" data-id=\"65e4fd09\" data-element_type=\"widget\" data-widget_type=\"text-editor.default\">\n\t\t\t\t<div class=\"elementor-widget-container\">\n\t\t\t\t\t\t\t\t<div class=\"elementor-text-editor elementor-clearfix\">\n\t\t\t\t<p>Le Centre de formations dans les m\u00e9tiers de l\u2019artisanat est un partenaire strat\u00e9gique du cluster Cuivre \u00e0 Kairouan qui accompagne en partenariat de nombreuses s\u00e9ries de formations au profit des membres du cluster.<\/p>\t\t\t\t\t<\/div>\n\t\t\t\t\t\t<\/div>\n\t\t\t\t<\/div>\n\t\t\t\t<div class=\"elementor-element elementor-element-30e36581 aux-appear-watch-animation aux-fade-in-up-1 elementor-widget elementor-widget-aux_button\" data-id=\"30e36581\" data-element_type=\"widget\" data-widget_type=\"aux_button.default\">\n\t\t\t\t<div class=\"elementor-widget-container\">\n\t\t\t<button   class=\"aux-button aux-medium aux-pastel-orange aux-curve aux-none aux-uppercase\" ><span class=\"aux-overlay\"><\/span><span class=\"aux-text\">VISITER LE SITE WEB<\/span><\/button>\t\t<\/div>\n\t\t\t\t<\/div>\n\t\t\t\t\t\t<\/div>\n\t\t\t\t\t<\/div>\n\t\t<\/div>\n\t\t\t\t\t\t\t\t<\/div>\n\t\t\t\t\t<\/div>\n\t\t<\/section>\n\t\t\t\t\t\t<\/div>\n\t\t\t\t\t\t<\/div>\n\t\t\t\t\t<\/div>\n\t\t","protected":false},"excerpt":{"rendered":"<p>LES STRUCTURES DE FORMATION Institut Sup\u00e9rieur des Arts et m\u00e9tiers de Kairouan (ISAMK) L&rsquo;Institut Sup\u00e9rieur des Arts et M\u00e9tiers de Kairouan est cr\u00e9\u00e9 en 2002. C&rsquo;est un \u00e9tablissement public sous la tutelle du Minist\u00e8re de l&rsquo;Enseignement Sup\u00e9rieur qui forme les \u00e9tudiants durant 3 ans couronn\u00e9s par l&rsquo;obtention du dipl\u00f4me national de la licence appliqu\u00e9e en [&hellip;]<\/p>\n","protected":false},"author":2,"featured_media":0,"parent":0,"menu_order":0,"comment_status":"closed","ping_status":"closed","template":"","meta":[],"_links":{"self":[{"href":"https:\/\/clusternabeul.creativetunisia.tn\/index.php\/wp-json\/wp\/v2\/pages\/798"}],"collection":[{"href":"https:\/\/clusternabeul.creativetunisia.tn\/index.php\/wp-json\/wp\/v2\/pages"}],"about":[{"href":"https:\/\/clusternabeul.creativetunisia.tn\/index.php\/wp-json\/wp\/v2\/types\/page"}],"author":[{"embeddable":true,"href":"https:\/\/clusternabeul.creativetunisia.tn\/index.php\/wp-json\/wp\/v2\/users\/2"}],"replies":[{"embeddable":true,"href":"https:\/\/clusternabeul.creativetunisia.tn\/index.php\/wp-json\/wp\/v2\/comments?post=798"}],"version-history":[{"count":7,"href":"https:\/\/clusternabeul.creativetunisia.tn\/index.php\/wp-json\/wp\/v2\/pages\/798\/revisions"}],"predecessor-version":[{"id":809,"href":"https:\/\/clusternabeul.creativetunisia.tn\/index.php\/wp-json\/wp\/v2\/pages\/798\/revisions\/809"}],"wp:attachment":[{"href":"https:\/\/clusternabeul.creativetunisia.tn\/index.php\/wp-json\/wp\/v2\/media?parent=798"}],"curies":[{"name":"wp","href":"https:\/\/api.w.org\/{rel}","templated":true}]}}