{"id":668,"date":"2021-12-15T13:07:26","date_gmt":"2021-12-15T12:07:26","guid":{"rendered":"https:\/\/clusternabeul.creativetunisia.tn\/?page_id=668"},"modified":"2022-02-24T09:17:36","modified_gmt":"2022-02-24T08:17:36","slug":"imen-charfi","status":"publish","type":"page","link":"https:\/\/clusternabeul.creativetunisia.tn\/index.php\/imen-charfi\/","title":{"rendered":"Imen Charfi"},"content":{"rendered":"\t\t<div data-elementor-type=\"wp-page\" data-elementor-id=\"668\" class=\"elementor elementor-668\" data-elementor-settings=\"[]\">\n\t\t\t\t\t\t<div class=\"elementor-inner\">\n\t\t\t\t\t\t\t<div class=\"elementor-section-wrap\">\n\t\t\t\t\t\t\t<section class=\"elementor-section elementor-top-section elementor-element elementor-element-6e1e97e7 elementor-section-content-middle elementor-section-boxed elementor-section-height-default elementor-section-height-default\" data-id=\"6e1e97e7\" data-element_type=\"section\">\n\t\t\t\t\t\t<div class=\"elementor-container elementor-column-gap-default\">\n\t\t\t\t\t\t\t<div class=\"elementor-row\">\n\t\t\t\t\t<div class=\"aux-parallax-section elementor-column elementor-col-50 elementor-top-column elementor-element elementor-element-24cae2f8\" data-id=\"24cae2f8\" data-element_type=\"column\">\n\t\t\t<div class=\"elementor-column-wrap elementor-element-populated\">\n\t\t\t\t\t\t\t<div class=\"elementor-widget-wrap\">\n\t\t\t\t\t\t<div class=\"elementor-element elementor-element-3888f2e6 aux-appear-watch-animation aux-fade-in elementor-widget elementor-widget-aux_image\" data-id=\"3888f2e6\" data-element_type=\"widget\" data-widget_type=\"aux_image.default\">\n\t\t\t\t<div class=\"elementor-widget-container\">\n\t\t\t<section class=\"widget-container aux-widget-image aux-alignnone aux-parent-auecd721dc\" style=\"\" >\n    <div class=\"aux-media-hint-frame \">\n        <div class=\"aux-media-image  aux-tilt-box\" >\n        \n            \n\n            \n            <img loading=\"lazy\" width=\"480\" height=\"742\" src=\"https:\/\/clusternabeul.creativetunisia.tn\/wp-content\/uploads\/2021\/12\/Imen-charfi-portrait-480x742.jpg\" class=\"aux-attachment aux-featured-image aux-attachment-id-670\" alt=\"Imen-charfi-portrait\" srcset=\"https:\/\/clusternabeul.creativetunisia.tn\/wp-content\/uploads\/2021\/12\/Imen-charfi-portrait-150x232.jpg 150w,https:\/\/clusternabeul.creativetunisia.tn\/wp-content\/uploads\/2021\/12\/Imen-charfi-portrait-300x464.jpg 300w,https:\/\/clusternabeul.creativetunisia.tn\/wp-content\/uploads\/2021\/12\/Imen-charfi-portrait-480x742.jpg 480w\" data-ratio=\"0.65\" data-original-w=\"480\" sizes=\"(max-width:479px) 480px,(max-width:767px) 768px,(max-width:1023px) 1024px,480px\" \/>            \n                <\/div>\n    <\/div>\n\n<\/section><!-- widget-container -->\t\t<\/div>\n\t\t\t\t<\/div>\n\t\t\t\t\t\t<\/div>\n\t\t\t\t\t<\/div>\n\t\t<\/div>\n\t\t\t\t<div class=\"aux-parallax-section elementor-column elementor-col-50 elementor-top-column elementor-element elementor-element-50ec9868\" data-id=\"50ec9868\" data-element_type=\"column\">\n\t\t\t<div class=\"elementor-column-wrap elementor-element-populated\">\n\t\t\t\t\t\t\t<div class=\"elementor-widget-wrap\">\n\t\t\t\t\t\t<div class=\"elementor-element elementor-element-727c7e53 aux-appear-watch-animation aux-fade-in elementor-widget elementor-widget-aux_modern_heading\" data-id=\"727c7e53\" data-element_type=\"widget\" data-widget_type=\"aux_modern_heading.default\">\n\t\t\t\t<div class=\"elementor-widget-container\">\n\t\t\t<section class=\"aux-widget-modern-heading\">\n            <div class=\"aux-widget-inner\"><h2 class=\"aux-modern-heading-primary\">Imen Charfi<\/h2><h3 class=\"aux-modern-heading-secondary\"><span class=\"aux-head-before\">Designer<\/span><\/h3><\/div>\n        <\/section>\t\t<\/div>\n\t\t\t\t<\/div>\n\t\t\t\t<div class=\"elementor-element elementor-element-27a64b9 elementor-icon-list--layout-inline elementor-align-left aux-appear-watch-animation aux-fade-in elementor-list-item-link-full_width elementor-widget elementor-widget-icon-list\" data-id=\"27a64b9\" data-element_type=\"widget\" data-widget_type=\"icon-list.default\">\n\t\t\t\t<div class=\"elementor-widget-container\">\n\t\t\t\t\t<ul class=\"elementor-icon-list-items elementor-inline-items\">\n\t\t\t\t\t\t\t<li class=\"elementor-icon-list-item elementor-inline-item\">\n\t\t\t\t\t\t\t\t\t\t\t<span class=\"elementor-icon-list-icon\">\n\t\t\t\t\t\t\t<i aria-hidden=\"true\" class=\"auxicon auxicon-ios-telephone\"><\/i>\t\t\t\t\t\t<\/span>\n\t\t\t\t\t\t\t\t\t\t<span class=\"elementor-icon-list-text\">+216 98 951 055<\/span>\n\t\t\t\t\t\t\t\t\t<\/li>\n\t\t\t\t\t\t\t\t<li class=\"elementor-icon-list-item elementor-inline-item\">\n\t\t\t\t\t\t\t\t\t\t\t<span class=\"elementor-icon-list-icon\">\n\t\t\t\t\t\t\t<i aria-hidden=\"true\" class=\"fas fa-envelope\"><\/i>\t\t\t\t\t\t<\/span>\n\t\t\t\t\t\t\t\t\t\t<span class=\"elementor-icon-list-text\">imencharfi@gmail.com<\/span>\n\t\t\t\t\t\t\t\t\t<\/li>\n\t\t\t\t\t\t<\/ul>\n\t\t\t\t<\/div>\n\t\t\t\t<\/div>\n\t\t\t\t<div class=\"elementor-element elementor-element-6ff77b7b aux-appear-watch-animation aux-fade-in elementor-widget elementor-widget-aux_modern_heading\" data-id=\"6ff77b7b\" data-element_type=\"widget\" data-widget_type=\"aux_modern_heading.default\">\n\t\t\t\t<div class=\"elementor-widget-container\">\n\t\t\t<section class=\"aux-widget-modern-heading\">\n            <div class=\"aux-widget-inner\"><h2 class=\"aux-modern-heading-primary\"><\/h2><div class=\"aux-modern-heading-description\"><p>Titulaire d\u2019un dipl\u00f4me national en design Produit, Imen CHARFI a diversifi\u00e9 ses collaborations avec les<br \/>industriels et les artisans.<br \/>Par ailleurs, elle a d\u00e9velopp\u00e9 maints projets cr\u00e9atifs au sein de l\u2019agence qu\u2019elle a fond\u00e9e en 2011, ICH Design Agency<\/p><\/div><\/div>\n        <\/section>\t\t<\/div>\n\t\t\t\t<\/div>\n\t\t\t\t\t\t<\/div>\n\t\t\t\t\t<\/div>\n\t\t<\/div>\n\t\t\t\t\t\t\t\t<\/div>\n\t\t\t\t\t<\/div>\n\t\t<\/section>\n\t\t\t\t\t\t<\/div>\n\t\t\t\t\t\t<\/div>\n\t\t\t\t\t<\/div>\n\t\t","protected":false},"excerpt":{"rendered":"<p>Imen Charfi Designer +216 98 951 055 imencharfi@gmail.com Titulaire d\u2019un dipl\u00f4me national en design Produit, Imen CHARFI a diversifi\u00e9 ses collaborations avec lesindustriels et les artisans.Par ailleurs, elle a d\u00e9velopp\u00e9 maints projets cr\u00e9atifs au sein de l\u2019agence qu\u2019elle a fond\u00e9e en 2011, ICH Design Agency<\/p>\n","protected":false},"author":2,"featured_media":0,"parent":0,"menu_order":0,"comment_status":"closed","ping_status":"closed","template":"","meta":[],"_links":{"self":[{"href":"https:\/\/clusternabeul.creativetunisia.tn\/index.php\/wp-json\/wp\/v2\/pages\/668"}],"collection":[{"href":"https:\/\/clusternabeul.creativetunisia.tn\/index.php\/wp-json\/wp\/v2\/pages"}],"about":[{"href":"https:\/\/clusternabeul.creativetunisia.tn\/index.php\/wp-json\/wp\/v2\/types\/page"}],"author":[{"embeddable":true,"href":"https:\/\/clusternabeul.creativetunisia.tn\/index.php\/wp-json\/wp\/v2\/users\/2"}],"replies":[{"embeddable":true,"href":"https:\/\/clusternabeul.creativetunisia.tn\/index.php\/wp-json\/wp\/v2\/comments?post=668"}],"version-history":[{"count":7,"href":"https:\/\/clusternabeul.creativetunisia.tn\/index.php\/wp-json\/wp\/v2\/pages\/668\/revisions"}],"predecessor-version":[{"id":1287,"href":"https:\/\/clusternabeul.creativetunisia.tn\/index.php\/wp-json\/wp\/v2\/pages\/668\/revisions\/1287"}],"wp:attachment":[{"href":"https:\/\/clusternabeul.creativetunisia.tn\/index.php\/wp-json\/wp\/v2\/media?parent=668"}],"curies":[{"name":"wp","href":"https:\/\/api.w.org\/{rel}","templated":true}]}}