{"id":651,"date":"2021-12-15T12:55:38","date_gmt":"2021-12-15T11:55:38","guid":{"rendered":"https:\/\/clusternabeul.creativetunisia.tn\/?page_id=651"},"modified":"2022-02-23T10:49:03","modified_gmt":"2022-02-23T09:49:03","slug":"institutions-dappui","status":"publish","type":"page","link":"https:\/\/clusternabeul.creativetunisia.tn\/index.php\/institutions-dappui\/","title":{"rendered":"Institutions d\u2019appui"},"content":{"rendered":"\t\t<div data-elementor-type=\"wp-page\" data-elementor-id=\"651\" class=\"elementor elementor-651\" data-elementor-settings=\"[]\">\n\t\t\t\t\t\t<div class=\"elementor-inner\">\n\t\t\t\t\t\t\t<div class=\"elementor-section-wrap\">\n\t\t\t\t\t\t\t<section class=\"elementor-section elementor-top-section elementor-element elementor-element-1f50d87 elementor-section-boxed elementor-section-height-default elementor-section-height-default\" data-id=\"1f50d87\" data-element_type=\"section\">\n\t\t\t\t\t\t<div class=\"elementor-container elementor-column-gap-default\">\n\t\t\t\t\t\t\t<div class=\"elementor-row\">\n\t\t\t\t\t<div class=\"aux-parallax-section elementor-column elementor-col-100 elementor-top-column elementor-element elementor-element-20b09ad\" data-id=\"20b09ad\" data-element_type=\"column\">\n\t\t\t<div class=\"elementor-column-wrap elementor-element-populated\">\n\t\t\t\t\t\t\t<div class=\"elementor-widget-wrap\">\n\t\t\t\t\t\t<div class=\"elementor-element elementor-element-7dea8b2 aux-appear-watch-animation aux-fade-in-up-1 elementor-widget elementor-widget-aux_modern_heading\" data-id=\"7dea8b2\" data-element_type=\"widget\" data-widget_type=\"aux_modern_heading.default\">\n\t\t\t\t<div class=\"elementor-widget-container\">\n\t\t\t<section class=\"aux-widget-modern-heading\">\n            <div class=\"aux-widget-inner\"><h2 class=\"aux-modern-heading-primary\"><\/h2><h3 class=\"aux-modern-heading-secondary\"><span class=\"aux-head-before\">INSTITUTIONS D\u2019APPUI<\/span><\/h3><\/div>\n        <\/section>\t\t<\/div>\n\t\t\t\t<\/div>\n\t\t\t\t\t\t<\/div>\n\t\t\t\t\t<\/div>\n\t\t<\/div>\n\t\t\t\t\t\t\t\t<\/div>\n\t\t\t\t\t<\/div>\n\t\t<\/section>\n\t\t\t\t<section class=\"elementor-section elementor-top-section elementor-element elementor-element-98864d8 elementor-section-boxed elementor-section-height-default elementor-section-height-default\" data-id=\"98864d8\" data-element_type=\"section\">\n\t\t\t\t\t\t<div class=\"elementor-container elementor-column-gap-default\">\n\t\t\t\t\t\t\t<div class=\"elementor-row\">\n\t\t\t\t\t<div class=\"aux-parallax-section elementor-column elementor-col-50 elementor-top-column elementor-element elementor-element-6ed268f5\" data-id=\"6ed268f5\" data-element_type=\"column\" data-settings=\"{&quot;background_background&quot;:&quot;classic&quot;}\">\n\t\t\t<div class=\"elementor-column-wrap elementor-element-populated\">\n\t\t\t\t\t\t\t<div class=\"elementor-widget-wrap\">\n\t\t\t\t\t\t<div class=\"elementor-element elementor-element-474f6ff9 elementor-widget elementor-widget-aux_image\" data-id=\"474f6ff9\" data-element_type=\"widget\" data-widget_type=\"aux_image.default\">\n\t\t\t\t<div class=\"elementor-widget-container\">\n\t\t\t<section class=\"widget-container aux-widget-image aux-alignnone aux-parent-au462afefe\" style=\"\" >\n    <div class=\"aux-media-hint-frame \">\n        <div class=\"aux-media-image \" >\n        \n            \n\n            \n            <img loading=\"lazy\" width=\"200\" height=\"200\" src=\"https:\/\/clusternabeul.creativetunisia.tn\/wp-content\/uploads\/2021\/12\/onat-office-national-de-l-artisanat.jpg\" class=\"aux-attachment aux-featured-image aux-attachment-id-550\" alt=\"onat-office-national-de-l-artisanat.jpg\" data-ratio=\"1\" data-original-w=\"200\" \/>            \n                <\/div>\n    <\/div>\n\n<\/section><!-- widget-container -->\t\t<\/div>\n\t\t\t\t<\/div>\n\t\t\t\t<div class=\"elementor-element elementor-element-1d4448cd elementor-widget elementor-widget-aux_modern_heading\" data-id=\"1d4448cd\" data-element_type=\"widget\" data-widget_type=\"aux_modern_heading.default\">\n\t\t\t\t<div class=\"elementor-widget-container\">\n\t\t\t<section class=\"aux-widget-modern-heading\">\n            <div class=\"aux-widget-inner\"><h2 class=\"aux-modern-heading-primary\">Office National de l\u2019Artisanat<\/h2><div class=\"aux-modern-heading-divider\"><\/div><\/div>\n        <\/section>\t\t<\/div>\n\t\t\t\t<\/div>\n\t\t\t\t<div class=\"elementor-element elementor-element-e5b12ab elementor-widget elementor-widget-text-editor\" data-id=\"e5b12ab\" data-element_type=\"widget\" data-widget_type=\"text-editor.default\">\n\t\t\t\t<div class=\"elementor-widget-container\">\n\t\t\t\t\t\t\t\t<div class=\"elementor-text-editor elementor-clearfix\">\n\t\t\t\t<p>L\u2019Office National de l\u2019artisanat (ONA) est le principal partenaire du projet Creative Tunisia. L\u2019ONA a pour principales missions de mettre en oeuvre la strat\u00e9gie de l\u2019Etat en mati\u00e8re de sauvegarde et de d\u00e9veloppement du secteur de l\u2019artisanat tunisien.<\/p><p>Partenaire majeur du Cluster Cuivre \u00e0 Kairouan, l\u2019Office National de l\u2019Artisanat et particuli\u00e8rement la d\u00e9l\u00e9gation r\u00e9gionale de l\u2019artisanat bas\u00e9e \u00e0 Kairouan, ont \u00e9t\u00e9 \u00e0 l\u2019origine du montage du dossier de candidature \u00e0 l\u2019ONUDI, pour une demande d\u2019assistance technique pour le d\u00e9veloppement du cluster Cuivre \u00e0 Kairouan. \u00c9tablissant un diagnostic complet du secteur de la dinanderie dans la r\u00e9gion ainsi qu\u2019une identification de tous les artisans op\u00e9rant dans le secteur, la d\u00e9l\u00e9gation r\u00e9gionale a mis en place, avec le projet Creative Tunisia, la strat\u00e9gie et le plan d\u2019action du Cluster et coordonn\u00e9 toutes les rencontres entre les divers intervenants, \u00e0 savoir les artisans, les structures d\u2019appui et les institutions publiques.<\/p>\t\t\t\t\t<\/div>\n\t\t\t\t\t\t<\/div>\n\t\t\t\t<\/div>\n\t\t\t\t<div class=\"elementor-element elementor-element-7b277883 aux-appear-watch-animation aux-fade-in-up-1 elementor-widget elementor-widget-aux_button\" data-id=\"7b277883\" data-element_type=\"widget\" data-widget_type=\"aux_button.default\">\n\t\t\t\t<div class=\"elementor-widget-container\">\n\t\t\t<a  href=\"http:\/\/www.artisanat.nat.tn\/fr\/home\/\" target=\"_self\"   class=\"aux-button aux-medium aux-pastel-orange aux-curve aux-none aux-uppercase\" ><span class=\"aux-overlay\"><\/span><span class=\"aux-text\">VISITER LE SITE WEB<\/span><\/a>\t\t<\/div>\n\t\t\t\t<\/div>\n\t\t\t\t\t\t<\/div>\n\t\t\t\t\t<\/div>\n\t\t<\/div>\n\t\t\t\t<div class=\"aux-parallax-section elementor-column elementor-col-50 elementor-top-column elementor-element elementor-element-19a6e12\" data-id=\"19a6e12\" data-element_type=\"column\" data-settings=\"{&quot;background_background&quot;:&quot;classic&quot;}\">\n\t\t\t<div class=\"elementor-column-wrap elementor-element-populated\">\n\t\t\t\t\t\t\t<div class=\"elementor-widget-wrap\">\n\t\t\t\t\t\t<div class=\"elementor-element elementor-element-ce9abc2 elementor-widget elementor-widget-aux_image\" data-id=\"ce9abc2\" data-element_type=\"widget\" data-widget_type=\"aux_image.default\">\n\t\t\t\t<div class=\"elementor-widget-container\">\n\t\t\t<section class=\"widget-container aux-widget-image aux-alignnone aux-parent-au01b3bd99\" style=\"\" >\n    <div class=\"aux-media-hint-frame \">\n        <div class=\"aux-media-image \" >\n        \n            \n\n            \n            <img loading=\"lazy\" width=\"200\" height=\"200\" src=\"https:\/\/clusternabeul.creativetunisia.tn\/wp-content\/uploads\/2021\/12\/onat-office-national-de-l-artisanat.jpg\" class=\"aux-attachment aux-featured-image aux-attachment-id-550\" alt=\"onat-office-national-de-l-artisanat.jpg\" data-ratio=\"1\" data-original-w=\"200\" \/>            \n                <\/div>\n    <\/div>\n\n<\/section><!-- widget-container -->\t\t<\/div>\n\t\t\t\t<\/div>\n\t\t\t\t<div class=\"elementor-element elementor-element-7a72655 elementor-widget elementor-widget-aux_modern_heading\" data-id=\"7a72655\" data-element_type=\"widget\" data-widget_type=\"aux_modern_heading.default\">\n\t\t\t\t<div class=\"elementor-widget-container\">\n\t\t\t<section class=\"aux-widget-modern-heading\">\n            <div class=\"aux-widget-inner\"><h2 class=\"aux-modern-heading-primary\">Office National de l\u2019Artisanat<\/h2><div class=\"aux-modern-heading-divider\"><\/div><\/div>\n        <\/section>\t\t<\/div>\n\t\t\t\t<\/div>\n\t\t\t\t<div class=\"elementor-element elementor-element-4fa6aff elementor-widget elementor-widget-text-editor\" data-id=\"4fa6aff\" data-element_type=\"widget\" data-widget_type=\"text-editor.default\">\n\t\t\t\t<div class=\"elementor-widget-container\">\n\t\t\t\t\t\t\t\t<div class=\"elementor-text-editor elementor-clearfix\">\n\t\t\t\t<p>L\u2019Office National de l\u2019artisanat (ONA) est le principal partenaire du projet Creative Tunisia. L\u2019ONA a pour principales missions de mettre en oeuvre la strat\u00e9gie de l\u2019Etat en mati\u00e8re de sauvegarde et de d\u00e9veloppement du secteur de l\u2019artisanat tunisien.<\/p><p>Partenaire majeur du Cluster Cuivre \u00e0 Kairouan, l\u2019Office National de l\u2019Artisanat et particuli\u00e8rement la d\u00e9l\u00e9gation r\u00e9gionale de l\u2019artisanat bas\u00e9e \u00e0 Kairouan, ont \u00e9t\u00e9 \u00e0 l\u2019origine du montage du dossier de candidature \u00e0 l\u2019ONUDI, pour une demande d\u2019assistance technique pour le d\u00e9veloppement du cluster Cuivre \u00e0 Kairouan. \u00c9tablissant un diagnostic complet du secteur de la dinanderie dans la r\u00e9gion ainsi qu\u2019une identification de tous les artisans op\u00e9rant dans le secteur, la d\u00e9l\u00e9gation r\u00e9gionale a mis en place, avec le projet Creative Tunisia, la strat\u00e9gie et le plan d\u2019action du Cluster et coordonn\u00e9 toutes les rencontres entre les divers intervenants, \u00e0 savoir les artisans, les structures d\u2019appui et les institutions publiques.<\/p>\t\t\t\t\t<\/div>\n\t\t\t\t\t\t<\/div>\n\t\t\t\t<\/div>\n\t\t\t\t<div class=\"elementor-element elementor-element-df9eefd aux-appear-watch-animation aux-fade-in-up-1 elementor-widget elementor-widget-aux_button\" data-id=\"df9eefd\" data-element_type=\"widget\" data-widget_type=\"aux_button.default\">\n\t\t\t\t<div class=\"elementor-widget-container\">\n\t\t\t<a  href=\"http:\/\/www.artisanat.nat.tn\/fr\/home\/\" target=\"_self\"   class=\"aux-button aux-medium aux-pastel-orange aux-curve aux-none aux-uppercase\" ><span class=\"aux-overlay\"><\/span><span class=\"aux-text\">VISITER LE SITE WEB<\/span><\/a>\t\t<\/div>\n\t\t\t\t<\/div>\n\t\t\t\t\t\t<\/div>\n\t\t\t\t\t<\/div>\n\t\t<\/div>\n\t\t\t\t\t\t\t\t<\/div>\n\t\t\t\t\t<\/div>\n\t\t<\/section>\n\t\t\t\t\t\t<\/div>\n\t\t\t\t\t\t<\/div>\n\t\t\t\t\t<\/div>\n\t\t","protected":false},"excerpt":{"rendered":"<p>INSTITUTIONS D\u2019APPUI Office National de l\u2019Artisanat L\u2019Office National de l\u2019artisanat (ONA) est le principal partenaire du projet Creative Tunisia. L\u2019ONA a pour principales missions de mettre en oeuvre la strat\u00e9gie de l\u2019Etat en mati\u00e8re de sauvegarde et de d\u00e9veloppement du secteur de l\u2019artisanat tunisien. Partenaire majeur du Cluster Cuivre \u00e0 Kairouan, l\u2019Office National de l\u2019Artisanat [&hellip;]<\/p>\n","protected":false},"author":2,"featured_media":0,"parent":0,"menu_order":0,"comment_status":"closed","ping_status":"closed","template":"","meta":[],"_links":{"self":[{"href":"https:\/\/clusternabeul.creativetunisia.tn\/index.php\/wp-json\/wp\/v2\/pages\/651"}],"collection":[{"href":"https:\/\/clusternabeul.creativetunisia.tn\/index.php\/wp-json\/wp\/v2\/pages"}],"about":[{"href":"https:\/\/clusternabeul.creativetunisia.tn\/index.php\/wp-json\/wp\/v2\/types\/page"}],"author":[{"embeddable":true,"href":"https:\/\/clusternabeul.creativetunisia.tn\/index.php\/wp-json\/wp\/v2\/users\/2"}],"replies":[{"embeddable":true,"href":"https:\/\/clusternabeul.creativetunisia.tn\/index.php\/wp-json\/wp\/v2\/comments?post=651"}],"version-history":[{"count":19,"href":"https:\/\/clusternabeul.creativetunisia.tn\/index.php\/wp-json\/wp\/v2\/pages\/651\/revisions"}],"predecessor-version":[{"id":1267,"href":"https:\/\/clusternabeul.creativetunisia.tn\/index.php\/wp-json\/wp\/v2\/pages\/651\/revisions\/1267"}],"wp:attachment":[{"href":"https:\/\/clusternabeul.creativetunisia.tn\/index.php\/wp-json\/wp\/v2\/media?parent=651"}],"curies":[{"name":"wp","href":"https:\/\/api.w.org\/{rel}","templated":true}]}}