{"id":351,"date":"2021-12-10T10:06:45","date_gmt":"2021-12-10T09:06:45","guid":{"rendered":"https:\/\/clusternabeul.creativetunisia.tn\/?page_id=351"},"modified":"2022-02-23T09:59:14","modified_gmt":"2022-02-23T08:59:14","slug":"a-propos","status":"publish","type":"page","link":"https:\/\/clusternabeul.creativetunisia.tn\/index.php\/a-propos\/","title":{"rendered":"A propos"},"content":{"rendered":"\t\t<div data-elementor-type=\"wp-page\" data-elementor-id=\"351\" class=\"elementor elementor-351\" data-elementor-settings=\"[]\">\n\t\t\t\t\t\t<div class=\"elementor-inner\">\n\t\t\t\t\t\t\t<div class=\"elementor-section-wrap\">\n\t\t\t\t\t\t\t<section class=\"elementor-section elementor-top-section elementor-element elementor-element-5152da61 elementor-section-content-middle elementor-reverse-tablet elementor-reverse-mobile elementor-section-boxed elementor-section-height-default elementor-section-height-default\" data-id=\"5152da61\" data-element_type=\"section\">\n\t\t\t\t\t\t<div class=\"elementor-container elementor-column-gap-default\">\n\t\t\t\t\t\t\t<div class=\"elementor-row\">\n\t\t\t\t\t<div class=\"aux-parallax-section elementor-column elementor-col-50 elementor-top-column elementor-element elementor-element-75ec2edc\" data-id=\"75ec2edc\" data-element_type=\"column\">\n\t\t\t<div class=\"elementor-column-wrap elementor-element-populated\">\n\t\t\t\t\t\t\t<div class=\"elementor-widget-wrap\">\n\t\t\t\t\t\t<div class=\"elementor-element elementor-element-215a0d32 aux-appear-watch-animation aux-fade-in-up-1 elementor-widget elementor-widget-aux_modern_heading\" data-id=\"215a0d32\" data-element_type=\"widget\" data-widget_type=\"aux_modern_heading.default\">\n\t\t\t\t<div class=\"elementor-widget-container\">\n\t\t\t<section class=\"aux-widget-modern-heading\">\n            <div class=\"aux-widget-inner\"><h2 class=\"aux-modern-heading-primary\">CLUSTER Nabeul<\/h2><h3 class=\"aux-modern-heading-secondary\"><span class=\"aux-head-before\">Art De La Table<\/span><\/h3><\/div>\n        <\/section>\t\t<\/div>\n\t\t\t\t<\/div>\n\t\t\t\t<div class=\"elementor-element elementor-element-27478f65 elementor-widget elementor-widget-text-editor\" data-id=\"27478f65\" data-element_type=\"widget\" data-widget_type=\"text-editor.default\">\n\t\t\t\t<div class=\"elementor-widget-container\">\n\t\t\t\t\t\t\t\t<div class=\"elementor-text-editor elementor-clearfix\">\n\t\t\t\t<p>Parmi les 8 clusters identifi\u00e9s dans toute la Tunisie, Nabeul a \u00e9t\u00e9 retenue en raison de son fort potentiel pour le d\u00e9veloppement \u00e9conomique de la r\u00e9gion. Le Cluster Nabeul est d\u00e9di\u00e9 \u00e0 la c\u00e9ramique, et plus largement \u00e0 l\u2019art de la table et \u00e0 la d\u00e9coration.<\/p><h3>Le projet Creative Tunisia<\/h3><p>Le projet Creative Tunisia est financ\u00e9 par l\u2019Union europ\u00e9enne avec une contribution financi\u00e8re de l\u2019Agence Italienne pour la Coop\u00e9ration au D\u00e9veloppement et mis en \u0153uvre par l\u2019Organisation des Nations Unies pour le D\u00e9veloppement Industriel (ONUDI). Il a pour objectif d\u2019am\u00e9liorer la comp\u00e9titivit\u00e9 du secteur de l\u2019artisanat par le d\u00e9veloppement de la qualit\u00e9 et l\u2019acc\u00e8s aux march\u00e9s. Le projet Creative Tunisia repr\u00e9sente le volet d\u00e9veloppement de l\u203aartisanat d&rsquo;un programme plus vaste visant \u00e0 soutenir la diversification du tourisme intitul\u00e9 \u00abTounes Wijhetouna\u00bb et financ\u00e9 par l\u2019Union europ\u00e9enne.<\/p><p>Le projet soutient 7 clusters s\u00e9lectionn\u00e9s et fournira aussi une assistance technique aux structures d\u2019accompagnement, \u00e0 d\u2019autres r\u00e9alit\u00e9s \u00e9conomiques et associations dans le domaine de l\u2019artisanat et du design et mettra en place des centres de services destin\u00e9s \u00e0 am\u00e9liorer la comp\u00e9titivit\u00e9 du secteur \u00e0 travers le pays. Cette approche holistique et int\u00e9gr\u00e9e constitue une opportunit\u00e9 privil\u00e9gi\u00e9e de soutenir l\u2019\u00e9conomie tunisienne dans la cr\u00e9ation d\u2019emplois d\u00e9cents et durables, surtout pour les jeunes et les femmes. Le projet permettra \u00e9galement d\u2019assurer une forte appropriation par les autorit\u00e9s nationales afin d\u2019int\u00e9grer la promotion des clusters et des liens d\u2019affaires dans le cadre du d\u00e9veloppement du secteur priv\u00e9 national. Il est pr\u00e9vu que le partenariat public-priv\u00e9 sera renforc\u00e9 au moyen d\u2019un dialogue plus intense entre les autorit\u00e9s publiques et les entrepreneurs.<\/p>\t\t\t\t\t<\/div>\n\t\t\t\t\t\t<\/div>\n\t\t\t\t<\/div>\n\t\t\t\t\t\t<\/div>\n\t\t\t\t\t<\/div>\n\t\t<\/div>\n\t\t\t\t<div class=\"aux-parallax-section elementor-column elementor-col-50 elementor-top-column elementor-element elementor-element-46b31b49\" data-id=\"46b31b49\" data-element_type=\"column\">\n\t\t\t<div class=\"elementor-column-wrap elementor-element-populated\">\n\t\t\t\t\t\t\t<div class=\"elementor-widget-wrap\">\n\t\t\t\t\t\t<div class=\"elementor-element elementor-element-5dbde12f aux-appear-watch-animation aux-scale-up-1 elementor-widget elementor-widget-aux_image\" data-id=\"5dbde12f\" data-element_type=\"widget\" data-widget_type=\"aux_image.default\">\n\t\t\t\t<div class=\"elementor-widget-container\">\n\t\t\t<section class=\"widget-container aux-widget-image aux-alignnone aux-parent-au1f7452ae\" style=\"\" >\n    <div class=\"aux-media-hint-frame \">\n        <div class=\"aux-media-image \" >\n        \n            \n\n            \n            <img loading=\"lazy\" width=\"942\" height=\"1185\" src=\"data:image\/gif;base64,R0lGODlhAQABAIAAAAAAAP\/\/\/yH5BAEAAAAALAAAAAABAAEAAAIBRAA7\" class=\"aux-attachment aux-featured-image aux-attachment-id-1192 aux-preload aux-blank\" alt=\"art-de-la-table\" data-ratio=\"0.79\" data-original-w=\"942\" data-src=\"https:\/\/clusternabeul.creativetunisia.tn\/wp-content\/uploads\/2022\/02\/art-de-la-table.jpg\" \/>            \n                <\/div>\n    <\/div>\n\n<\/section><!-- widget-container -->\t\t<\/div>\n\t\t\t\t<\/div>\n\t\t\t\t\t\t<\/div>\n\t\t\t\t\t<\/div>\n\t\t<\/div>\n\t\t\t\t\t\t\t\t<\/div>\n\t\t\t\t\t<\/div>\n\t\t<\/section>\n\t\t\t\t\t\t<\/div>\n\t\t\t\t\t\t<\/div>\n\t\t\t\t\t<\/div>\n\t\t","protected":false},"excerpt":{"rendered":"<p>CLUSTER Nabeul Art De La Table Parmi les 8 clusters identifi\u00e9s dans toute la Tunisie, Nabeul a \u00e9t\u00e9 retenue en raison de son fort potentiel pour le d\u00e9veloppement \u00e9conomique de la r\u00e9gion. Le Cluster Nabeul est d\u00e9di\u00e9 \u00e0 la c\u00e9ramique, et plus largement \u00e0 l\u2019art de la table et \u00e0 la d\u00e9coration. Le projet Creative [&hellip;]<\/p>\n","protected":false},"author":2,"featured_media":0,"parent":0,"menu_order":0,"comment_status":"closed","ping_status":"closed","template":"","meta":[],"_links":{"self":[{"href":"https:\/\/clusternabeul.creativetunisia.tn\/index.php\/wp-json\/wp\/v2\/pages\/351"}],"collection":[{"href":"https:\/\/clusternabeul.creativetunisia.tn\/index.php\/wp-json\/wp\/v2\/pages"}],"about":[{"href":"https:\/\/clusternabeul.creativetunisia.tn\/index.php\/wp-json\/wp\/v2\/types\/page"}],"author":[{"embeddable":true,"href":"https:\/\/clusternabeul.creativetunisia.tn\/index.php\/wp-json\/wp\/v2\/users\/2"}],"replies":[{"embeddable":true,"href":"https:\/\/clusternabeul.creativetunisia.tn\/index.php\/wp-json\/wp\/v2\/comments?post=351"}],"version-history":[{"count":7,"href":"https:\/\/clusternabeul.creativetunisia.tn\/index.php\/wp-json\/wp\/v2\/pages\/351\/revisions"}],"predecessor-version":[{"id":1195,"href":"https:\/\/clusternabeul.creativetunisia.tn\/index.php\/wp-json\/wp\/v2\/pages\/351\/revisions\/1195"}],"wp:attachment":[{"href":"https:\/\/clusternabeul.creativetunisia.tn\/index.php\/wp-json\/wp\/v2\/media?parent=351"}],"curies":[{"name":"wp","href":"https:\/\/api.w.org\/{rel}","templated":true}]}}