{"id":1313,"date":"2022-02-24T09:38:51","date_gmt":"2022-02-24T08:38:51","guid":{"rendered":"https:\/\/clusternabeul.creativetunisia.tn\/?page_id=1313"},"modified":"2022-02-24T09:41:21","modified_gmt":"2022-02-24T08:41:21","slug":"designers","status":"publish","type":"page","link":"https:\/\/clusternabeul.creativetunisia.tn\/index.php\/designers\/","title":{"rendered":"Designers"},"content":{"rendered":"\t\t<div data-elementor-type=\"wp-page\" data-elementor-id=\"1313\" class=\"elementor elementor-1313\" data-elementor-settings=\"[]\">\n\t\t\t\t\t\t<div class=\"elementor-inner\">\n\t\t\t\t\t\t\t<div class=\"elementor-section-wrap\">\n\t\t\t\t\t\t\t<section class=\"elementor-section elementor-top-section elementor-element elementor-element-1f50d87 elementor-section-boxed elementor-section-height-default elementor-section-height-default\" data-id=\"1f50d87\" data-element_type=\"section\">\n\t\t\t\t\t\t<div class=\"elementor-container elementor-column-gap-default\">\n\t\t\t\t\t\t\t<div class=\"elementor-row\">\n\t\t\t\t\t<div class=\"aux-parallax-section elementor-column elementor-col-100 elementor-top-column elementor-element elementor-element-20b09ad\" data-id=\"20b09ad\" data-element_type=\"column\">\n\t\t\t<div class=\"elementor-column-wrap elementor-element-populated\">\n\t\t\t\t\t\t\t<div class=\"elementor-widget-wrap\">\n\t\t\t\t\t\t<div class=\"elementor-element elementor-element-7dea8b2 aux-appear-watch-animation aux-fade-in-up-1 elementor-widget elementor-widget-aux_modern_heading\" data-id=\"7dea8b2\" data-element_type=\"widget\" data-widget_type=\"aux_modern_heading.default\">\n\t\t\t\t<div class=\"elementor-widget-container\">\n\t\t\t<section class=\"aux-widget-modern-heading\">\n            <div class=\"aux-widget-inner\"><h2 class=\"aux-modern-heading-primary\"><\/h2><h3 class=\"aux-modern-heading-secondary\"><span class=\"aux-head-before\">NOS DESIGNERS<\/span><\/h3><\/div>\n        <\/section>\t\t<\/div>\n\t\t\t\t<\/div>\n\t\t\t\t\t\t<\/div>\n\t\t\t\t\t<\/div>\n\t\t<\/div>\n\t\t\t\t\t\t\t\t<\/div>\n\t\t\t\t\t<\/div>\n\t\t<\/section>\n\t\t\t\t<section class=\"elementor-section elementor-top-section elementor-element elementor-element-9637dea elementor-section-boxed elementor-section-height-default elementor-section-height-default\" data-id=\"9637dea\" data-element_type=\"section\">\n\t\t\t\t\t\t<div class=\"elementor-container elementor-column-gap-default\">\n\t\t\t\t\t\t\t<div class=\"elementor-row\">\n\t\t\t\t\t<div class=\"aux-parallax-section elementor-column elementor-col-100 elementor-top-column elementor-element elementor-element-d9fdff8\" data-id=\"d9fdff8\" data-element_type=\"column\">\n\t\t\t<div class=\"elementor-column-wrap elementor-element-populated\">\n\t\t\t\t\t\t\t<div class=\"elementor-widget-wrap\">\n\t\t\t\t\t\t<section class=\"elementor-section elementor-inner-section elementor-element elementor-element-6955ad1 elementor-section-boxed elementor-section-height-default elementor-section-height-default\" data-id=\"6955ad1\" data-element_type=\"section\">\n\t\t\t\t\t\t<div class=\"elementor-container elementor-column-gap-default\">\n\t\t\t\t\t\t\t<div class=\"elementor-row\">\n\t\t\t\t\t<div class=\"aux-parallax-section elementor-column elementor-col-50 elementor-inner-column elementor-element elementor-element-a20cea6\" data-id=\"a20cea6\" data-element_type=\"column\">\n\t\t\t<div class=\"elementor-column-wrap elementor-element-populated\">\n\t\t\t\t\t\t\t<div class=\"elementor-widget-wrap\">\n\t\t\t\t\t\t<div class=\"elementor-element elementor-element-410c6f1 aux-appear-watch-animation aux-fade-in-right-1 elementor-widget elementor-widget-aux_staff\" data-id=\"410c6f1\" data-element_type=\"widget\" data-widget_type=\"aux_staff.default\">\n\t\t\t\t<div class=\"elementor-widget-container\">\n\t\t\t<section class=\"aux-wrap-style-simple widget-container aux-widget-staff aux-parent-au5d1c94d6\" style=\"\" >    <div class=\"aux-staff-container aux-staff-pos-left aux-staff-text-center aux-staff-text-dark \" >\n            <div class=\"aux-staff-header aux-staff-img-rect\">\n            <div class=\"aux-media-image\"><img loading=\"lazy\" width=\"260\" height=\"296\" src=\"data:image\/gif;base64,R0lGODlhAQABAIAAAAAAAP\/\/\/yH5BAEAAAAALAAAAAABAAEAAAIBRAA7\" class=\" aux-preload aux-blank\" alt=\"flayou-d\" data-ratio=\"0.88\" data-original-w=\"382\" sizes=\"auto\" data-srcset=\"https:\/\/clusternabeul.creativetunisia.tn\/wp-content\/uploads\/2022\/02\/flayou-d-150x171.jpg 150w,https:\/\/clusternabeul.creativetunisia.tn\/wp-content\/uploads\/2022\/02\/flayou-d-300x342.jpg 300w,https:\/\/clusternabeul.creativetunisia.tn\/wp-content\/uploads\/2022\/02\/flayou-d-260x296.jpg 260w\" data-src=\"https:\/\/clusternabeul.creativetunisia.tn\/wp-content\/uploads\/2022\/02\/flayou-d-260x296.jpg\" \/><\/div>        <\/div>\n            <div class=\"aux-staff-content\">\n                        <h4 class=\"col-title\"><a href=\"https:\/\/clusternabeul.creativetunisia.tn\/index.php\/flayou\/\">\n            Fla\u00ffou<\/a>\n            <\/h4>\n                        <h5 class=\"col-subtitle\">DESIGNER<\/h5>\n                        <div class=\"entry-content\">\n                                Hella El Khiari et Thomas Egoumenides se rencontrent en 2009 au cours de leurs \u00e9tudes \u00e0 l\u2019Ecole ...            <\/div>\n                    <\/div>\n\n    <\/div>\n\n\n<\/section><!-- widget-container -->\t\t<\/div>\n\t\t\t\t<\/div>\n\t\t\t\t<div class=\"elementor-element elementor-element-0207cdc aux-appear-watch-animation aux-fade-in-right-1 elementor-widget elementor-widget-aux_staff\" data-id=\"0207cdc\" data-element_type=\"widget\" data-widget_type=\"aux_staff.default\">\n\t\t\t\t<div class=\"elementor-widget-container\">\n\t\t\t<section class=\"aux-wrap-style-simple widget-container aux-widget-staff aux-parent-au218e5ff6\" style=\"\" >    <div class=\"aux-staff-container aux-staff-pos-left aux-staff-text-center aux-staff-text-dark \" >\n            <div class=\"aux-staff-header aux-staff-img-rect\">\n            <div class=\"aux-media-image\"><img loading=\"lazy\" width=\"260\" height=\"296\" src=\"data:image\/gif;base64,R0lGODlhAQABAIAAAAAAAP\/\/\/yH5BAEAAAAALAAAAAABAAEAAAIBRAA7\" class=\" aux-preload aux-blank\" alt=\"imen-charfi-d\" data-ratio=\"0.88\" data-original-w=\"382\" sizes=\"auto\" data-srcset=\"https:\/\/clusternabeul.creativetunisia.tn\/wp-content\/uploads\/2022\/02\/imen-charfi-d-150x171.jpg 150w,https:\/\/clusternabeul.creativetunisia.tn\/wp-content\/uploads\/2022\/02\/imen-charfi-d-300x342.jpg 300w,https:\/\/clusternabeul.creativetunisia.tn\/wp-content\/uploads\/2022\/02\/imen-charfi-d-260x296.jpg 260w\" data-src=\"https:\/\/clusternabeul.creativetunisia.tn\/wp-content\/uploads\/2022\/02\/imen-charfi-d-260x296.jpg\" \/><\/div>        <\/div>\n            <div class=\"aux-staff-content\">\n                        <h4 class=\"col-title\"><a href=\"https:\/\/clusternabeul.creativetunisia.tn\/index.php\/imen-charfi\/\">\n            Imen Charfi<\/a>\n            <\/h4>\n                        <h5 class=\"col-subtitle\">DESIGNER<\/h5>\n                        <div class=\"entry-content\">\n                                Imen Charfi est designer produit et meubles. Elle exerce \u00e0 Sfax au sein de l\u2019agence ICH ...            <\/div>\n                    <\/div>\n\n    <\/div>\n\n\n<\/section><!-- widget-container -->\t\t<\/div>\n\t\t\t\t<\/div>\n\t\t\t\t\t\t<\/div>\n\t\t\t\t\t<\/div>\n\t\t<\/div>\n\t\t\t\t<div class=\"aux-parallax-section elementor-column elementor-col-50 elementor-inner-column elementor-element elementor-element-2af71ad\" data-id=\"2af71ad\" data-element_type=\"column\">\n\t\t\t<div class=\"elementor-column-wrap elementor-element-populated\">\n\t\t\t\t\t\t\t<div class=\"elementor-widget-wrap\">\n\t\t\t\t\t\t<div class=\"elementor-element elementor-element-04b2585 aux-appear-watch-animation aux-fade-in-right-1 elementor-widget elementor-widget-aux_staff\" data-id=\"04b2585\" data-element_type=\"widget\" data-widget_type=\"aux_staff.default\">\n\t\t\t\t<div class=\"elementor-widget-container\">\n\t\t\t<section class=\"aux-wrap-style-simple widget-container aux-widget-staff aux-parent-aub5bf6b08\" style=\"\" >    <div class=\"aux-staff-container aux-staff-pos-left aux-staff-text-center aux-staff-text-dark \" >\n            <div class=\"aux-staff-header aux-staff-img-rect\">\n            <div class=\"aux-media-image\"><img loading=\"lazy\" width=\"260\" height=\"296\" src=\"data:image\/gif;base64,R0lGODlhAQABAIAAAAAAAP\/\/\/yH5BAEAAAAALAAAAAABAAEAAAIBRAA7\" class=\" aux-preload aux-blank\" alt=\"mehdi-daghrour-d\" data-ratio=\"0.88\" data-original-w=\"382\" sizes=\"auto\" data-srcset=\"https:\/\/clusternabeul.creativetunisia.tn\/wp-content\/uploads\/2022\/02\/mehdi-daghrour-d-150x171.jpg 150w,https:\/\/clusternabeul.creativetunisia.tn\/wp-content\/uploads\/2022\/02\/mehdi-daghrour-d-300x342.jpg 300w,https:\/\/clusternabeul.creativetunisia.tn\/wp-content\/uploads\/2022\/02\/mehdi-daghrour-d-260x296.jpg 260w\" data-src=\"https:\/\/clusternabeul.creativetunisia.tn\/wp-content\/uploads\/2022\/02\/mehdi-daghrour-d-260x296.jpg\" \/><\/div>        <\/div>\n            <div class=\"aux-staff-content\">\n                        <h4 class=\"col-title\"><a href=\"https:\/\/clusternabeul.creativetunisia.tn\/index.php\/mehdi-daghrour\/\">\n            Mehdi Daghrour<\/a>\n            <\/h4>\n                        <h5 class=\"col-subtitle\">DESIGNER<\/h5>\n                        <div class=\"entry-content\">\n                                N\u00e9 en 1986, Mehdi Daghrour est diplom\u00e9 en Design Produit \u00e0 l\u2019Institut Sup\u00e9rieur des Beaux-Arts ...            <\/div>\n                    <\/div>\n\n    <\/div>\n\n\n<\/section><!-- widget-container -->\t\t<\/div>\n\t\t\t\t<\/div>\n\t\t\t\t<div class=\"elementor-element elementor-element-3d21362 aux-appear-watch-animation aux-fade-in-right-1 elementor-widget elementor-widget-aux_staff\" data-id=\"3d21362\" data-element_type=\"widget\" data-widget_type=\"aux_staff.default\">\n\t\t\t\t<div class=\"elementor-widget-container\">\n\t\t\t<section class=\"aux-wrap-style-simple widget-container aux-widget-staff aux-parent-aud6905fd7\" style=\"\" >    <div class=\"aux-staff-container aux-staff-pos-left aux-staff-text-center aux-staff-text-dark \" >\n            <div class=\"aux-staff-header aux-staff-img-rect\">\n            <div class=\"aux-media-image\"><img loading=\"lazy\" width=\"260\" height=\"296\" src=\"data:image\/gif;base64,R0lGODlhAQABAIAAAAAAAP\/\/\/yH5BAEAAAAALAAAAAABAAEAAAIBRAA7\" class=\" aux-preload aux-blank\" alt=\"nesrine-ouertani-d\" data-ratio=\"0.88\" data-original-w=\"382\" sizes=\"auto\" data-srcset=\"https:\/\/clusternabeul.creativetunisia.tn\/wp-content\/uploads\/2022\/02\/nesrine-ouertani-d-150x171.jpg 150w,https:\/\/clusternabeul.creativetunisia.tn\/wp-content\/uploads\/2022\/02\/nesrine-ouertani-d-300x342.jpg 300w,https:\/\/clusternabeul.creativetunisia.tn\/wp-content\/uploads\/2022\/02\/nesrine-ouertani-d-260x296.jpg 260w\" data-src=\"https:\/\/clusternabeul.creativetunisia.tn\/wp-content\/uploads\/2022\/02\/nesrine-ouertani-d-260x296.jpg\" \/><\/div>        <\/div>\n            <div class=\"aux-staff-content\">\n                        <h4 class=\"col-title\"><a href=\"https:\/\/clusternabeul.creativetunisia.tn\/index.php\/nesrine-ouertani\/\">\n            Nesrine Ouertani<\/a>\n            <\/h4>\n                        <h5 class=\"col-subtitle\">DESIGNER<\/h5>\n                        <div class=\"entry-content\">\n                                Architecte dipl\u00f4m\u00e9e de l\u2019\u00e9cole nationale d\u2019architecture et de l\u2019urbanisme de Tunis. Nesrine Ouertani se partage entre ses ...            <\/div>\n                    <\/div>\n\n    <\/div>\n\n\n<\/section><!-- widget-container -->\t\t<\/div>\n\t\t\t\t<\/div>\n\t\t\t\t\t\t<\/div>\n\t\t\t\t\t<\/div>\n\t\t<\/div>\n\t\t\t\t\t\t\t\t<\/div>\n\t\t\t\t\t<\/div>\n\t\t<\/section>\n\t\t\t\t\t\t<\/div>\n\t\t\t\t\t<\/div>\n\t\t<\/div>\n\t\t\t\t\t\t\t\t<\/div>\n\t\t\t\t\t<\/div>\n\t\t<\/section>\n\t\t\t\t\t\t<\/div>\n\t\t\t\t\t\t<\/div>\n\t\t\t\t\t<\/div>\n\t\t","protected":false},"excerpt":{"rendered":"<p>NOS DESIGNERS Fla\u00ffou DESIGNER Hella El Khiari et Thomas Egoumenides se rencontrent en 2009 au cours de leurs \u00e9tudes \u00e0 l\u2019Ecole &#8230; Imen Charfi DESIGNER Imen Charfi est designer produit et meubles. Elle exerce \u00e0 Sfax au sein de l\u2019agence ICH &#8230; Mehdi Daghrour DESIGNER N\u00e9 en 1986, Mehdi Daghrour est diplom\u00e9 en Design Produit [&hellip;]<\/p>\n","protected":false},"author":2,"featured_media":0,"parent":0,"menu_order":0,"comment_status":"closed","ping_status":"closed","template":"","meta":[],"_links":{"self":[{"href":"https:\/\/clusternabeul.creativetunisia.tn\/index.php\/wp-json\/wp\/v2\/pages\/1313"}],"collection":[{"href":"https:\/\/clusternabeul.creativetunisia.tn\/index.php\/wp-json\/wp\/v2\/pages"}],"about":[{"href":"https:\/\/clusternabeul.creativetunisia.tn\/index.php\/wp-json\/wp\/v2\/types\/page"}],"author":[{"embeddable":true,"href":"https:\/\/clusternabeul.creativetunisia.tn\/index.php\/wp-json\/wp\/v2\/users\/2"}],"replies":[{"embeddable":true,"href":"https:\/\/clusternabeul.creativetunisia.tn\/index.php\/wp-json\/wp\/v2\/comments?post=1313"}],"version-history":[{"count":4,"href":"https:\/\/clusternabeul.creativetunisia.tn\/index.php\/wp-json\/wp\/v2\/pages\/1313\/revisions"}],"predecessor-version":[{"id":1317,"href":"https:\/\/clusternabeul.creativetunisia.tn\/index.php\/wp-json\/wp\/v2\/pages\/1313\/revisions\/1317"}],"wp:attachment":[{"href":"https:\/\/clusternabeul.creativetunisia.tn\/index.php\/wp-json\/wp\/v2\/media?parent=1313"}],"curies":[{"name":"wp","href":"https:\/\/api.w.org\/{rel}","templated":true}]}}