{"id":1297,"date":"2022-02-24T09:27:31","date_gmt":"2022-02-24T08:27:31","guid":{"rendered":"https:\/\/clusternabeul.creativetunisia.tn\/?page_id=1297"},"modified":"2022-02-24T09:33:45","modified_gmt":"2022-02-24T08:33:45","slug":"flayou","status":"publish","type":"page","link":"https:\/\/clusternabeul.creativetunisia.tn\/index.php\/flayou\/","title":{"rendered":"Fla\u00ffou"},"content":{"rendered":"\t\t<div data-elementor-type=\"wp-page\" data-elementor-id=\"1297\" class=\"elementor elementor-1297\" data-elementor-settings=\"[]\">\n\t\t\t\t\t\t<div class=\"elementor-inner\">\n\t\t\t\t\t\t\t<div class=\"elementor-section-wrap\">\n\t\t\t\t\t\t\t<section class=\"elementor-section elementor-top-section elementor-element elementor-element-6e1e97e7 elementor-section-content-middle elementor-section-boxed elementor-section-height-default elementor-section-height-default\" data-id=\"6e1e97e7\" data-element_type=\"section\">\n\t\t\t\t\t\t<div class=\"elementor-container elementor-column-gap-default\">\n\t\t\t\t\t\t\t<div class=\"elementor-row\">\n\t\t\t\t\t<div class=\"aux-parallax-section elementor-column elementor-col-50 elementor-top-column elementor-element elementor-element-24cae2f8\" data-id=\"24cae2f8\" data-element_type=\"column\">\n\t\t\t<div class=\"elementor-column-wrap elementor-element-populated\">\n\t\t\t\t\t\t\t<div class=\"elementor-widget-wrap\">\n\t\t\t\t\t\t<div class=\"elementor-element elementor-element-3888f2e6 aux-appear-watch-animation aux-fade-in elementor-widget elementor-widget-aux_image\" data-id=\"3888f2e6\" data-element_type=\"widget\" data-widget_type=\"aux_image.default\">\n\t\t\t\t<div class=\"elementor-widget-container\">\n\t\t\t<section class=\"widget-container aux-widget-image aux-alignnone aux-parent-aucce35bd3\" style=\"\" >\n    <div class=\"aux-media-hint-frame \">\n        <div class=\"aux-media-image  aux-tilt-box\" >\n        \n            \n\n            \n            <img loading=\"lazy\" width=\"480\" height=\"742\" src=\"https:\/\/clusternabeul.creativetunisia.tn\/wp-content\/uploads\/2022\/02\/flayou-p-480x742.jpg\" class=\"aux-attachment aux-featured-image aux-attachment-id-1299\" alt=\"flayou-p\" srcset=\"https:\/\/clusternabeul.creativetunisia.tn\/wp-content\/uploads\/2022\/02\/flayou-p-150x232.jpg 150w,https:\/\/clusternabeul.creativetunisia.tn\/wp-content\/uploads\/2022\/02\/flayou-p-300x464.jpg 300w,https:\/\/clusternabeul.creativetunisia.tn\/wp-content\/uploads\/2022\/02\/flayou-p-480x742.jpg 480w\" data-ratio=\"0.65\" data-original-w=\"480\" sizes=\"(max-width:479px) 480px,(max-width:767px) 768px,(max-width:1023px) 1024px,480px\" \/>            \n                <\/div>\n    <\/div>\n\n<\/section><!-- widget-container -->\t\t<\/div>\n\t\t\t\t<\/div>\n\t\t\t\t\t\t<\/div>\n\t\t\t\t\t<\/div>\n\t\t<\/div>\n\t\t\t\t<div class=\"aux-parallax-section elementor-column elementor-col-50 elementor-top-column elementor-element elementor-element-50ec9868\" data-id=\"50ec9868\" data-element_type=\"column\">\n\t\t\t<div class=\"elementor-column-wrap elementor-element-populated\">\n\t\t\t\t\t\t\t<div class=\"elementor-widget-wrap\">\n\t\t\t\t\t\t<div class=\"elementor-element elementor-element-727c7e53 aux-appear-watch-animation aux-fade-in elementor-widget elementor-widget-aux_modern_heading\" data-id=\"727c7e53\" data-element_type=\"widget\" data-widget_type=\"aux_modern_heading.default\">\n\t\t\t\t<div class=\"elementor-widget-container\">\n\t\t\t<section class=\"aux-widget-modern-heading\">\n            <div class=\"aux-widget-inner\"><h2 class=\"aux-modern-heading-primary\">Fla\u00ffou<\/h2><h3 class=\"aux-modern-heading-secondary\"><span class=\"aux-head-before\">Designer<\/span><\/h3><\/div>\n        <\/section>\t\t<\/div>\n\t\t\t\t<\/div>\n\t\t\t\t<div class=\"elementor-element elementor-element-6ff77b7b aux-appear-watch-animation aux-fade-in elementor-widget elementor-widget-aux_modern_heading\" data-id=\"6ff77b7b\" data-element_type=\"widget\" data-widget_type=\"aux_modern_heading.default\">\n\t\t\t\t<div class=\"elementor-widget-container\">\n\t\t\t<section class=\"aux-widget-modern-heading\">\n            <div class=\"aux-widget-inner\"><h2 class=\"aux-modern-heading-primary\"><\/h2><div class=\"aux-modern-heading-description\"><p>Hella El Khiari et Thomas Egoumenides se rencontrent en 2009 au cours de leurs \u00e9tudes \u00e0 l\u2019Ecole d\u2019Architecture de Paris La Villette. Sept ans plus tard, ils fondent fla\u00ffou, atelier de design pluridisciplinaire bas\u00e9 \u00e0 Tunis. Fla\u00ffou, atelier explorateur, agence de design joyeux et laboratoire d\u2019id\u00e9es non conformistes, s\u2019inspire de son quotidien pour cr\u00e9er un design conscient et d\u00e9cal\u00e9, qui se pose les bonnes questions sans se prendre trop au s\u00e9rieux.<\/p><\/div><\/div>\n        <\/section>\t\t<\/div>\n\t\t\t\t<\/div>\n\t\t\t\t\t\t<\/div>\n\t\t\t\t\t<\/div>\n\t\t<\/div>\n\t\t\t\t\t\t\t\t<\/div>\n\t\t\t\t\t<\/div>\n\t\t<\/section>\n\t\t\t\t\t\t<\/div>\n\t\t\t\t\t\t<\/div>\n\t\t\t\t\t<\/div>\n\t\t","protected":false},"excerpt":{"rendered":"<p>Fla\u00ffou Designer Hella El Khiari et Thomas Egoumenides se rencontrent en 2009 au cours de leurs \u00e9tudes \u00e0 l\u2019Ecole d\u2019Architecture de Paris La Villette. Sept ans plus tard, ils fondent fla\u00ffou, atelier de design pluridisciplinaire bas\u00e9 \u00e0 Tunis. Fla\u00ffou, atelier explorateur, agence de design joyeux et laboratoire d\u2019id\u00e9es non conformistes, s\u2019inspire de son quotidien pour [&hellip;]<\/p>\n","protected":false},"author":2,"featured_media":0,"parent":0,"menu_order":0,"comment_status":"closed","ping_status":"closed","template":"","meta":[],"_links":{"self":[{"href":"https:\/\/clusternabeul.creativetunisia.tn\/index.php\/wp-json\/wp\/v2\/pages\/1297"}],"collection":[{"href":"https:\/\/clusternabeul.creativetunisia.tn\/index.php\/wp-json\/wp\/v2\/pages"}],"about":[{"href":"https:\/\/clusternabeul.creativetunisia.tn\/index.php\/wp-json\/wp\/v2\/types\/page"}],"author":[{"embeddable":true,"href":"https:\/\/clusternabeul.creativetunisia.tn\/index.php\/wp-json\/wp\/v2\/users\/2"}],"replies":[{"embeddable":true,"href":"https:\/\/clusternabeul.creativetunisia.tn\/index.php\/wp-json\/wp\/v2\/comments?post=1297"}],"version-history":[{"count":7,"href":"https:\/\/clusternabeul.creativetunisia.tn\/index.php\/wp-json\/wp\/v2\/pages\/1297\/revisions"}],"predecessor-version":[{"id":1305,"href":"https:\/\/clusternabeul.creativetunisia.tn\/index.php\/wp-json\/wp\/v2\/pages\/1297\/revisions\/1305"}],"wp:attachment":[{"href":"https:\/\/clusternabeul.creativetunisia.tn\/index.php\/wp-json\/wp\/v2\/media?parent=1297"}],"curies":[{"name":"wp","href":"https:\/\/api.w.org\/{rel}","templated":true}]}}