{"id":1291,"date":"2022-02-24T09:21:41","date_gmt":"2022-02-24T08:21:41","guid":{"rendered":"https:\/\/clusternabeul.creativetunisia.tn\/?page_id=1291"},"modified":"2022-02-24T09:36:46","modified_gmt":"2022-02-24T08:36:46","slug":"mehdi-daghrour","status":"publish","type":"page","link":"https:\/\/clusternabeul.creativetunisia.tn\/index.php\/mehdi-daghrour\/","title":{"rendered":"Mehdi Daghrour"},"content":{"rendered":"\t\t<div data-elementor-type=\"wp-page\" data-elementor-id=\"1291\" class=\"elementor elementor-1291\" data-elementor-settings=\"[]\">\n\t\t\t\t\t\t<div class=\"elementor-inner\">\n\t\t\t\t\t\t\t<div class=\"elementor-section-wrap\">\n\t\t\t\t\t\t\t<section class=\"elementor-section elementor-top-section elementor-element elementor-element-6e1e97e7 elementor-section-content-middle elementor-section-boxed elementor-section-height-default elementor-section-height-default\" data-id=\"6e1e97e7\" data-element_type=\"section\">\n\t\t\t\t\t\t<div class=\"elementor-container elementor-column-gap-default\">\n\t\t\t\t\t\t\t<div class=\"elementor-row\">\n\t\t\t\t\t<div class=\"aux-parallax-section elementor-column elementor-col-50 elementor-top-column elementor-element elementor-element-24cae2f8\" data-id=\"24cae2f8\" data-element_type=\"column\">\n\t\t\t<div class=\"elementor-column-wrap elementor-element-populated\">\n\t\t\t\t\t\t\t<div class=\"elementor-widget-wrap\">\n\t\t\t\t\t\t<div class=\"elementor-element elementor-element-3888f2e6 aux-appear-watch-animation aux-fade-in elementor-widget elementor-widget-aux_image\" data-id=\"3888f2e6\" data-element_type=\"widget\" data-widget_type=\"aux_image.default\">\n\t\t\t\t<div class=\"elementor-widget-container\">\n\t\t\t<section class=\"widget-container aux-widget-image aux-alignnone aux-parent-au5f5dd283\" style=\"\" >\n    <div class=\"aux-media-hint-frame \">\n        <div class=\"aux-media-image  aux-tilt-box\" >\n        \n            \n\n            \n            <img loading=\"lazy\" width=\"480\" height=\"742\" src=\"https:\/\/clusternabeul.creativetunisia.tn\/wp-content\/uploads\/2022\/02\/mehdi-daghrour-p-480x742.jpg\" class=\"aux-attachment aux-featured-image aux-attachment-id-1306\" alt=\"mehdi-daghrour-p\" srcset=\"https:\/\/clusternabeul.creativetunisia.tn\/wp-content\/uploads\/2022\/02\/mehdi-daghrour-p-150x232.jpg 150w,https:\/\/clusternabeul.creativetunisia.tn\/wp-content\/uploads\/2022\/02\/mehdi-daghrour-p-300x464.jpg 300w,https:\/\/clusternabeul.creativetunisia.tn\/wp-content\/uploads\/2022\/02\/mehdi-daghrour-p-480x742.jpg 480w\" data-ratio=\"0.65\" data-original-w=\"480\" sizes=\"(max-width:479px) 480px,(max-width:767px) 768px,(max-width:1023px) 1024px,480px\" \/>            \n                <\/div>\n    <\/div>\n\n<\/section><!-- widget-container -->\t\t<\/div>\n\t\t\t\t<\/div>\n\t\t\t\t\t\t<\/div>\n\t\t\t\t\t<\/div>\n\t\t<\/div>\n\t\t\t\t<div class=\"aux-parallax-section elementor-column elementor-col-50 elementor-top-column elementor-element elementor-element-50ec9868\" data-id=\"50ec9868\" data-element_type=\"column\">\n\t\t\t<div class=\"elementor-column-wrap elementor-element-populated\">\n\t\t\t\t\t\t\t<div class=\"elementor-widget-wrap\">\n\t\t\t\t\t\t<div class=\"elementor-element elementor-element-727c7e53 aux-appear-watch-animation aux-fade-in elementor-widget elementor-widget-aux_modern_heading\" data-id=\"727c7e53\" data-element_type=\"widget\" data-widget_type=\"aux_modern_heading.default\">\n\t\t\t\t<div class=\"elementor-widget-container\">\n\t\t\t<section class=\"aux-widget-modern-heading\">\n            <div class=\"aux-widget-inner\"><h2 class=\"aux-modern-heading-primary\">Mehdi Daghrour<\/h2><h3 class=\"aux-modern-heading-secondary\"><span class=\"aux-head-before\">Designer<\/span><\/h3><\/div>\n        <\/section>\t\t<\/div>\n\t\t\t\t<\/div>\n\t\t\t\t<div class=\"elementor-element elementor-element-6ff77b7b aux-appear-watch-animation aux-fade-in elementor-widget elementor-widget-aux_modern_heading\" data-id=\"6ff77b7b\" data-element_type=\"widget\" data-widget_type=\"aux_modern_heading.default\">\n\t\t\t\t<div class=\"elementor-widget-container\">\n\t\t\t<section class=\"aux-widget-modern-heading\">\n            <div class=\"aux-widget-inner\"><h2 class=\"aux-modern-heading-primary\"><\/h2><div class=\"aux-modern-heading-description\"><p>N\u00e9 en 1986, Mehdi Daghrour est diplom\u00e9 en Design Produit \u00e0 l\u2019Institut Sup\u00e9rieur des Beaux-Arts de Tunis (ISBAT). Ses domaines de comp\u00e9tence incluent aussi bien le design produit et la photographie que la direction artistique et le graphisme.<\/p><\/div><\/div>\n        <\/section>\t\t<\/div>\n\t\t\t\t<\/div>\n\t\t\t\t\t\t<\/div>\n\t\t\t\t\t<\/div>\n\t\t<\/div>\n\t\t\t\t\t\t\t\t<\/div>\n\t\t\t\t\t<\/div>\n\t\t<\/section>\n\t\t\t\t\t\t<\/div>\n\t\t\t\t\t\t<\/div>\n\t\t\t\t\t<\/div>\n\t\t","protected":false},"excerpt":{"rendered":"<p>Mehdi Daghrour Designer N\u00e9 en 1986, Mehdi Daghrour est diplom\u00e9 en Design Produit \u00e0 l\u2019Institut Sup\u00e9rieur des Beaux-Arts de Tunis (ISBAT). Ses domaines de comp\u00e9tence incluent aussi bien le design produit et la photographie que la direction artistique et le graphisme.<\/p>\n","protected":false},"author":2,"featured_media":0,"parent":0,"menu_order":0,"comment_status":"closed","ping_status":"closed","template":"","meta":[],"_links":{"self":[{"href":"https:\/\/clusternabeul.creativetunisia.tn\/index.php\/wp-json\/wp\/v2\/pages\/1291"}],"collection":[{"href":"https:\/\/clusternabeul.creativetunisia.tn\/index.php\/wp-json\/wp\/v2\/pages"}],"about":[{"href":"https:\/\/clusternabeul.creativetunisia.tn\/index.php\/wp-json\/wp\/v2\/types\/page"}],"author":[{"embeddable":true,"href":"https:\/\/clusternabeul.creativetunisia.tn\/index.php\/wp-json\/wp\/v2\/users\/2"}],"replies":[{"embeddable":true,"href":"https:\/\/clusternabeul.creativetunisia.tn\/index.php\/wp-json\/wp\/v2\/comments?post=1291"}],"version-history":[{"count":7,"href":"https:\/\/clusternabeul.creativetunisia.tn\/index.php\/wp-json\/wp\/v2\/pages\/1291\/revisions"}],"predecessor-version":[{"id":1309,"href":"https:\/\/clusternabeul.creativetunisia.tn\/index.php\/wp-json\/wp\/v2\/pages\/1291\/revisions\/1309"}],"wp:attachment":[{"href":"https:\/\/clusternabeul.creativetunisia.tn\/index.php\/wp-json\/wp\/v2\/media?parent=1291"}],"curies":[{"name":"wp","href":"https:\/\/api.w.org\/{rel}","templated":true}]}}